{"id":14,"date":"2015-01-08T08:22:14","date_gmt":"2015-01-08T08:22:14","guid":{"rendered":"http:\/\/nicorau.de\/?page_id=14"},"modified":"2026-03-18T13:37:29","modified_gmt":"2026-03-18T13:37:29","slug":"arbeitsproben","status":"publish","type":"page","link":"http:\/\/nicorau.de\/?page_id=14","title":{"rendered":"Ver\u00f6ffentlichungen"},"content":{"rendered":"<p style=\"text-align: center;\"><strong>MODERATION<\/strong><\/p>\n<p><strong>WDR 5 Das Wirtschaftsmagazin. <\/strong>Ich moderiere regelm\u00e4\u00dfig das halbst\u00fcndige Wirtschaftsmagazin im WDR-H\u00f6rfunk. <a href=\"https:\/\/wdrmedien-a.akamaihd.net\/media\/p\/public\/weltweit\/2026\/02\/10\/4e21842f-6d08-42ed-9161-5dfe52a4ccfb\/4e21842f-6d08-42ed-9161-5dfe52a4ccfb_MP3-128.mp3\" target=\"_blank\" rel=\"noopener\">Nachzuh\u00f6ren hier (Sendung vom 10.2.26).<\/a><\/p>\n<p style=\"text-align: center;\"><strong>WIRTSCHAFTSTHEMEN<\/strong><\/p>\n<p><strong>Tagesgeldkonten: noch gibt es gute Zinsen.<\/strong> Aber ein paar Dinge sollten Anleger bei der flexiblen Form der Geldanlage beachten. Zum Beispiel, in welchem EU-Land die Bank sitzt. Und Vorsicht vor Lockangeboten, die den Zins nur f\u00fcr sehr kurze Zeit garantieren. Mein Gespr\u00e4ch \u00fcber gute Angebote im WDR-Fernsehen. <span style=\"text-decoration: underline;\">Z<\/span><a href=\"https:\/\/www1.wdr.de\/fernsehen\/hier-und-heute\/tagesgeldkonto-100.html\" target=\"_blank\" rel=\"noopener\"><span style=\"text-decoration: underline;\">u<\/span> sehen bei Hier und Heute.<\/a><\/p>\n<p><strong>Geplanter Verschlei\u00df: Wie Hersteller die Lebensdauer von Ger\u00e4ten planen. <\/strong>Wenn das Smartphone kurz nach Ablauf der Gew\u00e4hrleistung kaputtgeht, steht schnell ein Verdacht im Raum: Das hat der Hersteller absichtlich so gemacht. Es gibt auch einen Fachbegriff daf\u00fcr: geplante Obsoleszenz. Absichtliches einbauen von Schwachstellen oder zumindest das bewusste in Kauf nehmen. Nur nachweisen l\u00e4sst sich das sehr selten. Was hinter dem Begriff steckt und warum der Nachweis so schwierig ist, <a href=\"https:\/\/www.deutschlandfunknova.de\/beitrag\/geplanter-verschleiss-warum-handys-und-co-nicht-lange-leben\" target=\"_blank\" rel=\"noopener\">habe ich f\u00fcr Deutschlandfunk Nova erz\u00e4hlt.<\/a><\/p>\n<p><strong>Ausbeutung eingepreist &#8211; der schwierige Weg zu sauberen Lieferketten. <\/strong>Unternehmer m\u00fcssen Verantwortung \u00fcbernehmen. Egal, wo auf der Welt sie produzieren lassen. Seit 20 Jahren spricht die internationale Gemeinschaft davon. Viel passiert ist nicht. Wird sich das durch das deutsche Lieferkettengesetz ver\u00e4ndern? Zusammen mit der WDR-Redakteurin Linda Staude habe ich dazu ein Dok 5-Feature f\u00fcr den WDR produziert. <a href=\"https:\/\/wdrmedien-a.akamaihd.net\/medp\/podcast\/weltweit\/fsk0\/242\/2429982\/dok5dasfeature_2021-05-09_ausbeutungeingepreistderschwerewegzusauberenlieferkette_wdr5.mp3\" target=\"_blank\" rel=\"noreferrer noopener\" data-type=\"URL\" data-id=\"https:\/\/www1.wdr.de\/radio\/wdr5\/sendungen\/dok5\/dok5-ausbeutung-eingepreist-lieferketten-100.html\">Hier kann man das Feature nachh\u00f6ren.<\/a><\/p>\n<p style=\"text-align: center;\"><strong>SEMINARE<\/strong><\/p>\n<p>Als Kommunikationstrainer gebe ich Seminare f\u00fcr die Akademie der Deutschen Medien. Mein Ziel: Den Teilnehmern beizubringen, wie sie klar und pr\u00e4zise kommunizieren &#8211; in allen Situationen und auf allen Kan\u00e4len. Damit sie ihre Botschaft genau auf den Punkt bringen k\u00f6nnen und so m\u00f6glichst viele Menschen erreichen. <a href=\"https:\/\/www.medien-akademie.de\/referenten\/nico-rau\/\" target=\"_blank\" rel=\"noopener\">Mehr Infos und die buchbaren Seminare, die gibt es hier.<\/a><\/p>\n<p style=\"text-align: center;\"><strong>FIKTIONALES<\/strong><\/p>\n<p><strong>Die Immer-Bestimmer. <\/strong>F\u00fcr die H\u00f6rbuch-Reihe Ohrenb\u00e4r (rbb\/NDR) habe ich zuletzt die Geschichte &#8222;Die Immer Bestimmer&#8220; geschrieben. In der Fu\u00dfg\u00e4ngerzone bekommt Ole von einem geheimnisvollen Zauberer eine M\u00fcnze geschenkt &#8211; angeblich mit magischen Kr\u00e4ften. Nach einem Streit am Abendbrottisch w\u00fcnscht sich Ole, dass seine Eltern klein sind und er und seine Schwester Elin daf\u00fcr gro\u00df. Und tats\u00e4chlich: Sein Wunsch wird wahr! Die Kinder tauschen verr\u00fcckterweise mit ihren Eltern die K\u00f6rper. Ole und Elin sind begeistert. Endlich sind sie die Bestimmer. Sie k\u00f6nnen jetzt all das machen, was sonst nur Gro\u00dfe d\u00fcrfen. Doch schnell merken sie: Das Leben als Erwachsene ist viel komplizierter, als sie dachten. <a href=\"https:\/\/www.ardaudiothek.de\/episode\/urn:ard:episode:39b48977a254c0d8\/\" target=\"_blank\" rel=\"noopener\">Zu h\u00f6ren in der ARD-Mediathek.<\/a><\/p>\n<p style=\"text-align: center;\"><strong>SATIRE<\/strong><\/p>\n<p><strong>Putzfimmel mit G\u00e4nsehaut.<\/strong> Durchblick mit brillanter Theorie: In K\u00f6ln startet der erste Studiengang des neuen Fachs Windologie. <a href=\"https:\/\/taz.de\/Die-Wahrheit\/!6145847\/\" target=\"_blank\" rel=\"noopener\">Satire in der taz.<\/a><\/p>\n<p><strong>Das b\u00fcrolose B\u00fcro.<\/strong>Wenn das Homeoffice in Seuchenzeiten wegen \u00dcberbelegung schlie\u00dft, muss die B\u00fcroarbeit eben drau\u00dfen auf der Stra\u00dfe erledigt werden.\u00a0<a href=\"https:\/\/taz.de\/Die-Wahrheit\/!5668646&amp;s=nico+rau+nico+rau\/\" target=\"_blank\" rel=\"noopener\">Satire in der taz.<\/a><\/p>\n<p>&nbsp;<\/p>\n","protected":false},"excerpt":{"rendered":"<p>MODERATION WDR 5 Das Wirtschaftsmagazin. Ich moderiere regelm\u00e4\u00dfig das halbst\u00fcndige Wirtschaftsmagazin im WDR-H\u00f6rfunk. Nachzuh\u00f6ren hier (Sendung vom 10.2.26). WIRTSCHAFTSTHEMEN Tagesgeldkonten: noch gibt es gute Zinsen. Aber ein paar Dinge sollten Anleger bei der flexiblen Form der Geldanlage beachten. Zum Beispiel, in welchem EU-Land die Bank sitzt. Und Vorsicht vor Lockangeboten, die den Zins nur f\u00fcr [&hellip;]<\/p>\n","protected":false},"author":1,"featured_media":0,"parent":0,"menu_order":0,"comment_status":"closed","ping_status":"open","template":"","meta":{"footnotes":""},"_links":{"self":[{"href":"http:\/\/nicorau.de\/index.php?rest_route=\/wp\/v2\/pages\/14"}],"collection":[{"href":"http:\/\/nicorau.de\/index.php?rest_route=\/wp\/v2\/pages"}],"about":[{"href":"http:\/\/nicorau.de\/index.php?rest_route=\/wp\/v2\/types\/page"}],"author":[{"embeddable":true,"href":"http:\/\/nicorau.de\/index.php?rest_route=\/wp\/v2\/users\/1"}],"replies":[{"embeddable":true,"href":"http:\/\/nicorau.de\/index.php?rest_route=%2Fwp%2Fv2%2Fcomments&post=14"}],"version-history":[{"count":109,"href":"http:\/\/nicorau.de\/index.php?rest_route=\/wp\/v2\/pages\/14\/revisions"}],"predecessor-version":[{"id":543,"href":"http:\/\/nicorau.de\/index.php?rest_route=\/wp\/v2\/pages\/14\/revisions\/543"}],"wp:attachment":[{"href":"http:\/\/nicorau.de\/index.php?rest_route=%2Fwp%2Fv2%2Fmedia&parent=14"}],"curies":[{"name":"wp","href":"https:\/\/api.w.org\/{rel}","templated":true}]}}